{"id":1746,"date":"2022-02-06T11:50:12","date_gmt":"2022-02-06T11:50:12","guid":{"rendered":"https:\/\/agrisci-ua.com\/?page_id=1746"},"modified":"2022-02-06T11:57:47","modified_gmt":"2022-02-06T11:57:47","slug":"having-a-look-back-at-2021having-a-look-back-at-2021","status":"publish","type":"page","link":"https:\/\/agrisci-ua.com\/ua\/having-a-look-back-at-2021having-a-look-back-at-2021\/","title":{"rendered":"Having a look back at 2021Having a look back at 2021"},"content":{"rendered":"<div data-elementor-type=\"wp-page\" data-elementor-id=\"1746\" class=\"elementor elementor-1746\">\n\t\t\t\t\t\t<section class=\"elementor-section elementor-top-section elementor-element elementor-element-1a9589b elementor-section-boxed elementor-section-height-default elementor-section-height-default\" data-id=\"1a9589b\" data-element_type=\"section\">\n\t\t\t\t\t\t<div class=\"elementor-container elementor-column-gap-default\">\n\t\t\t\t\t<div class=\"elementor-column elementor-col-100 elementor-top-column elementor-element elementor-element-65c3123\" data-id=\"65c3123\" data-element_type=\"column\">\n\t\t\t<div class=\"elementor-widget-wrap elementor-element-populated\">\n\t\t\t\t\t\t<div class=\"elementor-element elementor-element-1bdcf8c elementor-widget elementor-widget-heading\" data-id=\"1bdcf8c\" data-element_type=\"widget\" data-widget_type=\"heading.default\">\n\t\t\t\t<div class=\"elementor-widget-container\">\n\t\t\t\t\t<h1 class=\"elementor-heading-title elementor-size-default\">Having a look back at 2021<\/h1>\t\t\t\t<\/div>\n\t\t\t\t<\/div>\n\t\t\t\t\t<\/div>\n\t\t<\/div>\n\t\t\t\t\t<\/div>\n\t\t<\/section>\n\t\t\t\t<section class=\"elementor-section elementor-top-section elementor-element elementor-element-8c3be1e elementor-section-boxed elementor-section-height-default elementor-section-height-default\" data-id=\"8c3be1e\" data-element_type=\"section\">\n\t\t\t\t\t\t<div class=\"elementor-container elementor-column-gap-default\">\n\t\t\t\t\t<div class=\"elementor-column elementor-col-100 elementor-top-column elementor-element elementor-element-3b2a795\" data-id=\"3b2a795\" data-element_type=\"column\">\n\t\t\t<div class=\"elementor-widget-wrap elementor-element-populated\">\n\t\t\t\t\t\t<div class=\"elementor-element elementor-element-1e6a1d5 elementor-widget elementor-widget-text-editor\" data-id=\"1e6a1d5\" data-element_type=\"widget\" data-widget_type=\"text-editor.default\">\n\t\t\t\t<div class=\"elementor-widget-container\">\n\t\t\t\t\t\t\t\t\t<p style=\"text-align: justify;\">Our PhD students Marek Jel\u00ednek, Jan Sta\u0161 and Eduardo Duque Duss\u00e1n, along with Assoc. Prof. Hynek Roub\u00edk, travelled to Ukraine as delegates of the FTA under the scientific cooperation project &#8220;Strengthening scientific capacities and cooperation of Ukrainian universities in AgriSciences&#8221; supported by the Czech Development Cooperation via Ministry of Foreign Affairs of the Czech Republic.<\/p><p style=\"text-align: justify;\">After arriving in Kiev, a 4-hour trip was waiting for them to travel to the city of Sumy. Located in the north-eastern part of the country, Sumy served as the venue of the &#8220;<strong>2nd Multidisciplinary Conference for Young Researchers \u2013 Sustainable Development Trends and Challenges under COVID-19<\/strong>&#8220;, the first activity in the schedule. The conference was part of the project \u201cInteruniversity cooperation as a tool for enhancement of quality of selected universities in Ukraine\u201d supported by the Czech Development Agency.<\/p><p style=\"text-align: justify;\">Sumy is a small, well organised, picturesque, and exciting city, founded by Cossacks on the bank of the Psel river, house to several universities, among which the Sumy State University and the Sumy National Agrarian University belong to the development cooperation project. On Monday, November 29, the conference began with the oral sessions. Even though the conference was conducted in a hybrid way, the captivating variety of topics in different areas of knowledge kept the online and in-person attendees focused on the presentations. Various discussions and debates were held throughout the day, expanding scientific knowledge on novel topics until the last sessions were reached. The first day ended successfully, sharing a delicious Ukrainian supper as a group.<\/p><p style=\"text-align: justify;\">The next day, the poster session was held for half a day. Participants from all over the world shared their research within the framework of the challenges caused by covid 19. In the same way, virtual and physical assistants interacted dynamically, actively participating in the event. The organisers and managers of the conference are to be congratulated, as the event was carried out with high standard order, punctuality and quality.<\/p><p style=\"text-align: justify;\">Once the conference ended, the FTA team continued to prepare the set of workshops to carry out in different universities in Ukrainian territory. The first stop was the Sumy National Agrarian University (SNAU). In addition to touring the campus and attending various meetings, the FTA delegates carried out different workshops in mechanical design and 3D modelling and sensory analysis of tea and dietary diversity exercises. The audience participation, attention, and interest were surprising, composed of professors, students, university staff, and anyone interested in the topics discussed. By the end of the workshops, the FTA group visited the Department of Ecology and Environmental Protection Technologies labs at the Sumy State University (SumDU).<\/p><p style=\"text-align: justify;\">The next stop was Kharkiv, the second biggest city in Ukraine, full of history, architecture, and cultural traditions. After a short morning walk through the streets and landmarks of Kharkiv, the FTA experts visited the Kharkiv National Agrarian University (KNAU). The seminars and workshops were also performed with two extra lectures: How to work with Mendeley? and how to write a scientific article \u2013 practical information. It was delightful how the partner university&#8217;s assistants were excited and looking forward to learning, teaching, and sharing different points of view about the discussed topics. After a long and cold day of activities, the FTA group and the KNAU representative gathered together for a warm plate of typical Ukrainian food, celebrating the scientific cooperation.<\/p><p style=\"text-align: justify;\">Afterwards, the FTA delegation split up. Jan and Eduardo travelled back to Kiev, making a quick stop in Poltava to try its exquisite cuisine, while Marek and Hynek continued the tour to the city of Dnipro. They met the Dnipro State Agrarian University committee to discuss further cooperation steps in various projects and joint research activities. They also visited a biogas plant with an output bigger than 5MW to talk about future association and collaboration, followed by an exciting visit to a cossack village!<\/p><p style=\"text-align: justify;\">The trip to Ukraine was quite successful in terms of scientific cooperation and development; important milestones were settled, and relevant cooperation continued. The FTA looks forward to visiting again Ukraine and keeping up the teamwork.<\/p>\t\t\t\t\t\t\t\t<\/div>\n\t\t\t\t<\/div>\n\t\t\t\t\t<\/div>\n\t\t<\/div>\n\t\t\t\t\t<\/div>\n\t\t<\/section>\n\t\t\t\t<section class=\"elementor-section elementor-top-section elementor-element elementor-element-d939abf elementor-section-boxed elementor-section-height-default elementor-section-height-default\" data-id=\"d939abf\" data-element_type=\"section\">\n\t\t\t\t\t\t<div class=\"elementor-container elementor-column-gap-default\">\n\t\t\t\t\t<div class=\"elementor-column elementor-col-100 elementor-top-column elementor-element elementor-element-c88aee1\" data-id=\"c88aee1\" data-element_type=\"column\">\n\t\t\t<div class=\"elementor-widget-wrap elementor-element-populated\">\n\t\t\t\t\t\t<div class=\"elementor-element elementor-element-d182358 elementor-widget elementor-widget-video\" data-id=\"d182358\" data-element_type=\"widget\" data-settings=\"{&quot;youtube_url&quot;:&quot;https:\\\/\\\/youtu.be\\\/7Cm6FRhPEYk&quot;,&quot;autoplay&quot;:&quot;yes&quot;,&quot;video_type&quot;:&quot;youtube&quot;,&quot;controls&quot;:&quot;yes&quot;}\" data-widget_type=\"video.default\">\n\t\t\t\t<div class=\"elementor-widget-container\">\n\t\t\t\t\t\t\t<div class=\"elementor-wrapper elementor-open-inline\">\n\t\t\t<div class=\"elementor-video\"><\/div>\t\t<\/div>\n\t\t\t\t\t\t<\/div>\n\t\t\t\t<\/div>\n\t\t\t\t\t<\/div>\n\t\t<\/div>\n\t\t\t\t\t<\/div>\n\t\t<\/section>\n\t\t\t\t<section class=\"elementor-section elementor-top-section elementor-element elementor-element-ebfda78 elementor-section-boxed elementor-section-height-default elementor-section-height-default\" data-id=\"ebfda78\" data-element_type=\"section\">\n\t\t\t\t\t\t<div class=\"elementor-container elementor-column-gap-default\">\n\t\t\t\t\t<div class=\"elementor-column elementor-col-100 elementor-top-column elementor-element elementor-element-5e0192f\" data-id=\"5e0192f\" data-element_type=\"column\">\n\t\t\t<div class=\"elementor-widget-wrap elementor-element-populated\">\n\t\t\t\t\t\t<div class=\"elementor-element elementor-element-aa801c3 elementor-arrows-position-inside elementor-pagination-position-outside elementor-widget elementor-widget-image-carousel\" data-id=\"aa801c3\" data-element_type=\"widget\" data-settings=\"{&quot;navigation&quot;:&quot;both&quot;,&quot;autoplay&quot;:&quot;yes&quot;,&quot;pause_on_hover&quot;:&quot;yes&quot;,&quot;pause_on_interaction&quot;:&quot;yes&quot;,&quot;autoplay_speed&quot;:5000,&quot;infinite&quot;:&quot;yes&quot;,&quot;speed&quot;:500}\" data-widget_type=\"image-carousel.default\">\n\t\t\t\t<div class=\"elementor-widget-container\">\n\t\t\t\t\t\t\t<div class=\"elementor-image-carousel-wrapper swiper\" role=\"region\" aria-roledescription=\"carousel\" aria-label=\"\u041a\u0430\u0440\u0443\u0441\u0435\u043b\u044c \u0437\u043e\u0431\u0440\u0430\u0436\u0435\u043d\u044c\" dir=\"ltr\">\n\t\t\t<div class=\"elementor-image-carousel swiper-wrapper\" aria-live=\"off\">\n\t\t\t\t\t\t\t\t<div class=\"swiper-slide\" role=\"group\" aria-roledescription=\"slide\" aria-label=\"1 \u0437 5\"><figure class=\"swiper-slide-inner\"><img decoding=\"async\" class=\"swiper-slide-image\" src=\"https:\/\/agrisci-ua.com\/wp-content\/uploads\/2021\/12\/IMG_20211129_094145-300x225.webp\" alt=\"IMG_20211129_094145\" \/><\/figure><\/div><div class=\"swiper-slide\" role=\"group\" aria-roledescription=\"slide\" aria-label=\"2 \u0437 5\"><figure class=\"swiper-slide-inner\"><img decoding=\"async\" class=\"swiper-slide-image\" src=\"https:\/\/agrisci-ua.com\/wp-content\/uploads\/2021\/12\/IMG_20211129_185833-300x225.webp\" alt=\"IMG_20211129_185833\" \/><\/figure><\/div><div class=\"swiper-slide\" role=\"group\" aria-roledescription=\"slide\" aria-label=\"3 \u0437 5\"><figure class=\"swiper-slide-inner\"><img decoding=\"async\" class=\"swiper-slide-image\" src=\"https:\/\/agrisci-ua.com\/wp-content\/uploads\/2021\/12\/IMG_20211129_141034-300x225.webp\" alt=\"IMG_20211129_141034\" \/><\/figure><\/div><div class=\"swiper-slide\" role=\"group\" aria-roledescription=\"slide\" aria-label=\"4 \u0437 5\"><figure class=\"swiper-slide-inner\"><img decoding=\"async\" class=\"swiper-slide-image\" src=\"https:\/\/agrisci-ua.com\/wp-content\/uploads\/2021\/12\/IMG_20211129_201142-300x225.webp\" alt=\"IMG_20211129_201142\" \/><\/figure><\/div><div class=\"swiper-slide\" role=\"group\" aria-roledescription=\"slide\" aria-label=\"5 \u0437 5\"><figure class=\"swiper-slide-inner\"><img decoding=\"async\" class=\"swiper-slide-image\" src=\"https:\/\/agrisci-ua.com\/wp-content\/uploads\/2021\/12\/IMG_20211130_114022-300x225.webp\" alt=\"IMG_20211130_114022\" \/><\/figure><\/div>\t\t\t<\/div>\n\t\t\t\t\t\t\t\t\t\t\t\t<div class=\"elementor-swiper-button elementor-swiper-button-prev\" role=\"button\" tabindex=\"0\">\n\t\t\t\t\t\t<i aria-hidden=\"true\" class=\"eicon-chevron-left\"><\/i>\t\t\t\t\t<\/div>\n\t\t\t\t\t<div class=\"elementor-swiper-button elementor-swiper-button-next\" role=\"button\" tabindex=\"0\">\n\t\t\t\t\t\t<i aria-hidden=\"true\" class=\"eicon-chevron-right\"><\/i>\t\t\t\t\t<\/div>\n\t\t\t\t\n\t\t\t\t\t\t\t\t\t<div class=\"swiper-pagination\"><\/div>\n\t\t\t\t\t\t\t\t\t<\/div>\n\t\t\t\t\t\t<\/div>\n\t\t\t\t<\/div>\n\t\t\t\t\t<\/div>\n\t\t<\/div>\n\t\t\t\t\t<\/div>\n\t\t<\/section>\n\t\t\t\t<\/div>","protected":false},"excerpt":{"rendered":"<p>Having a look back at 2021 Our PhD students Marek Jel\u00ednek, Jan Sta\u0161 and Eduardo Duque Duss\u00e1n, along with Assoc. Prof. Hynek Roub\u00edk, travelled to Ukraine as delegates of the FTA under the scientific cooperation project &#8220;Strengthening scientific capacities and cooperation of Ukrainian universities in AgriSciences&#8221; supported by the Czech Development Cooperation via Ministry of&hellip; <br \/> <a class=\"read-more\" href=\"https:\/\/agrisci-ua.com\/ua\/having-a-look-back-at-2021having-a-look-back-at-2021\/\">Read more<\/a><\/p>","protected":false},"author":1,"featured_media":0,"parent":0,"menu_order":0,"comment_status":"closed","ping_status":"closed","template":"page-templates\/homepage.php","meta":{"om_disable_all_campaigns":false,"_monsterinsights_skip_tracking":false,"_monsterinsights_sitenote_active":false,"_monsterinsights_sitenote_note":"","_monsterinsights_sitenote_category":0,"_uf_show_specific_survey":0,"_uf_disable_surveys":false,"footnotes":""},"class_list":["post-1746","page","type-page","status-publish","hentry"],"rttpg_featured_image_url":null,"rttpg_author":{"display_name":"admin","author_link":"https:\/\/agrisci-ua.com\/ua\/author\/admin\/"},"rttpg_comment":0,"rttpg_category":" <a href=\"https:\/\/agrisci-ua.com\/\" rel=\"tag\">English<\/a>","rttpg_excerpt":"Having a look back at 2021 Our PhD students Marek Jel\u00ednek, Jan Sta\u0161 and Eduardo Duque Duss\u00e1n, along with Assoc. Prof. Hynek Roub\u00edk, travelled to Ukraine as delegates of the FTA under the scientific cooperation project &#8220;Strengthening scientific capacities and cooperation of Ukrainian universities in AgriSciences&#8221; supported by the Czech Development Cooperation via Ministry of&hellip;&hellip;","_links":{"self":[{"href":"https:\/\/agrisci-ua.com\/ua\/wp-json\/wp\/v2\/pages\/1746","targetHints":{"allow":["GET"]}}],"collection":[{"href":"https:\/\/agrisci-ua.com\/ua\/wp-json\/wp\/v2\/pages"}],"about":[{"href":"https:\/\/agrisci-ua.com\/ua\/wp-json\/wp\/v2\/types\/page"}],"author":[{"embeddable":true,"href":"https:\/\/agrisci-ua.com\/ua\/wp-json\/wp\/v2\/users\/1"}],"replies":[{"embeddable":true,"href":"https:\/\/agrisci-ua.com\/ua\/wp-json\/wp\/v2\/comments?post=1746"}],"version-history":[{"count":11,"href":"https:\/\/agrisci-ua.com\/ua\/wp-json\/wp\/v2\/pages\/1746\/revisions"}],"predecessor-version":[{"id":1976,"href":"https:\/\/agrisci-ua.com\/ua\/wp-json\/wp\/v2\/pages\/1746\/revisions\/1976"}],"wp:attachment":[{"href":"https:\/\/agrisci-ua.com\/ua\/wp-json\/wp\/v2\/media?parent=1746"}],"curies":[{"name":"wp","href":"https:\/\/api.w.org\/{rel}","templated":true}]}}